{"id":28,"date":"2024-12-03T15:14:35","date_gmt":"2024-12-03T14:14:35","guid":{"rendered":"https:\/\/programmevinum.fr\/it\/?page_id=28"},"modified":"2025-02-27T09:35:19","modified_gmt":"2025-02-27T08:35:19","slug":"programma-vinum","status":"publish","type":"page","link":"https:\/\/programmevinum.fr\/it\/programma-vinum\/","title":{"rendered":"Il programma VINUM"},"content":{"rendered":"\n<h2 class=\"wp-block-heading\"><span>Le sfide di VINUM<\/span><div class=\"line append\"><\/div><\/h2>\n\n\n\n<div class=\"wp-block-columns is-layout-flex wp-container-core-columns-is-layout-1 wp-block-columns-is-layout-flex\">\n<div class=\"wp-block-column is-vertically-aligned-center is-layout-flow wp-block-column-is-layout-flow\" style=\"flex-basis:66.66%\">\n<h3 class=\"wp-block-heading\"><strong>Transizione ecologica e cambiamento climatico<\/strong><\/h3>\n\n\n\n<p>Agricoltori, viticoltori e forestali, sia attuali che futuri, devono essere sempre pi\u00f9 versatili, sviluppare conoscenze approfondite e acquisire nuove competenze in tempi molto brevi.<\/p>\n<\/div>\n\n\n\n<div class=\"wp-block-column is-vertically-aligned-center is-layout-flow wp-block-column-is-layout-flow\" style=\"flex-basis:33.33%\">\n<figure class=\"wp-block-image size-full\"><img decoding=\"async\" src=\"http:\/\/programmevinum.fr\/wp-content\/uploads\/2023\/09\/grains_de_raisin.jpg.webp\" alt=\"\" class=\"wp-image-29\"\/><\/figure>\n<\/div>\n<\/div>\n\n\n\n<div class=\"wp-block-columns flex-sm-reverse is-layout-flex wp-container-core-columns-is-layout-2 wp-block-columns-is-layout-flex\">\n<div class=\"wp-block-column is-vertically-aligned-center is-layout-flow wp-block-column-is-layout-flow\" style=\"flex-basis:33.33%\">\n<figure class=\"wp-block-image size-full\"><img decoding=\"async\" src=\"http:\/\/programmevinum.fr\/wp-content\/uploads\/2023\/09\/vignoble-hennessy.jpg.webp\" alt=\"\" class=\"wp-image-30\"\/><\/figure>\n<\/div>\n\n\n\n<div class=\"wp-block-column is-vertically-aligned-center is-layout-flow wp-block-column-is-layout-flow\" style=\"flex-basis:66.66%\">\n<h3 class=\"wp-block-heading\"><strong>Attrattivit\u00e0 delle professioni agricole<\/strong><\/h3>\n\n\n\n<p>Il ricambio generazionale tra agricoltori e viticoltori non \u00e8 garantito: in generale, il settore fatica a suscitare interesse tra i giovani, nonostante si preveda che entro il 2026 un agricoltore su due andr\u00e0 in pensione.<\/p>\n<\/div>\n<\/div>\n\n\n\n<div class=\"wp-block-columns is-layout-flex wp-container-core-columns-is-layout-3 wp-block-columns-is-layout-flex\">\n<div class=\"wp-block-column is-vertically-aligned-center is-layout-flow wp-block-column-is-layout-flow\" style=\"flex-basis:66.66%\">\n<h3 class=\"wp-block-heading\"><strong>Competitivit\u00e0<\/strong><\/h3>\n\n\n\n<p>La viticoltura \u00e8 un settore di eccellenza francese, con importanti implicazioni economiche grazie agli elevati volumi di esportazione. Tuttavia, questa economia \u00e8 in pericolo: oltre il 12% del vigneto francese \u00e8 improduttivo a causa delle malattie del legno della vite, per ragioni che includono una cruciale carenza di manodopera qualificata.<\/p>\n<\/div>\n\n\n\n<div class=\"wp-block-column is-vertically-aligned-center is-layout-flow wp-block-column-is-layout-flow\" style=\"flex-basis:33.33%\">\n<figure class=\"wp-block-image size-full\"><img decoding=\"async\" src=\"http:\/\/programmevinum.fr\/wp-content\/uploads\/2023\/09\/machine.jpg.webp\" alt=\"\" class=\"wp-image-31\"\/><\/figure>\n<\/div>\n<\/div>\n\n\n\n<div class=\"wp-block-columns flex-sm-reverse is-layout-flex wp-container-core-columns-is-layout-4 wp-block-columns-is-layout-flex\">\n<div class=\"wp-block-column is-vertically-aligned-center is-layout-flow wp-block-column-is-layout-flow\" style=\"flex-basis:33.33%\">\n<figure class=\"wp-block-image size-full\"><img decoding=\"async\" src=\"http:\/\/programmevinum.fr\/wp-content\/uploads\/2023\/09\/la_taille_de_la_vigne.jpg.webp\" alt=\"\" class=\"wp-image-32\"\/><\/figure>\n<\/div>\n\n\n\n<div class=\"wp-block-column is-vertically-aligned-center is-layout-flow wp-block-column-is-layout-flow\" style=\"flex-basis:66.66%\">\n<h3 class=\"wp-block-heading\"><strong>Salute di agricoltori, viticoltori e forestali<\/strong><\/h3>\n\n\n\n<p>Questi professionisti sono esposti a numerosi rischi, come disturbi muscolo-scheletrici, l\u2019uso di prodotti fitosanitari e i pericoli legati alla guida di macchinari. Gli strumenti di simulazione e formazione immersiva si dimostrano estremamente efficaci per sensibilizzare e prevenire tali rischi.<\/p>\n<\/div>\n<\/div>\n\n\n\n<div class=\"wp-block-group\"><div class=\"wp-block-group__inner-container is-layout-constrained wp-block-group-is-layout-constrained\">\n<h2 class=\"wp-block-heading\"><span><strong>Verso una trasformazione pedagogica<\/strong><\/span><div class=\"line append\"><\/div><\/h2>\n\n\n\n<p>La transizione digitale sta rivoluzionando il mondo dell\u2019educazione, richiedendo la creazione di nuovi strumenti e metodi didattici. Questo rappresenta un reale vantaggio per la formazione professionale, a condizione che venga ripensata in modo ibrido, combinando la presenza fisica a scuola con l\u2019apprendimento a distanza.<\/p>\n\n\n\n<p>Il Programma VINUM basa i suoi metodi di pedagogia ibrida su tecnologie immersive, immagini 3D di alta qualit\u00e0 e sull\u2019uso non invasivo dei dati raccolti e condivisi.<\/p>\n\n\n\n<figure class=\"wp-block-gallery has-nested-images columns-default is-cropped wp-block-gallery-1 is-layout-flex wp-block-gallery-is-layout-flex\">\n<figure class=\"wp-block-image size-full\"><img decoding=\"async\" src=\"http:\/\/programmevinum.fr\/wp-content\/uploads\/2023\/09\/transformation-pedagogique-1.jpg-2.webp\" alt=\"\" class=\"wp-image-33\"\/><\/figure>\n\n\n\n<figure class=\"wp-block-image size-full\"><img decoding=\"async\" src=\"http:\/\/programmevinum.fr\/wp-content\/uploads\/2023\/09\/transformation-pedagogique-2.jpg-1.webp\" alt=\"\" class=\"wp-image-34\"\/><\/figure>\n<\/figure>\n\n\n\n<p>Il digitale permette cos\u00ec di simulare gesti professionali. Gli studenti, gli apprendisti, gli agricoltori e i viticoltori in formazione possono esercitarsi a svolgere operazioni specifiche impossibili da realizzare in aula senza strumenti di simulazione.<\/p>\n\n\n\n<p>I metodi formativi proposti dal Programma VINUM sottolineano le buone pratiche di prevenzione, particolarmente rilevanti per professioni tra le pi\u00f9 esposte agli infortuni sul lavoro e ai problemi di salute.<\/p>\n<\/div><\/div>\n\n\n\n<div class=\"wp-block-group\"><div class=\"wp-block-group__inner-container is-layout-constrained wp-block-group-is-layout-constrained\">\n<h2 class=\"wp-block-heading\"><span><strong>Vincitore dell\u2019AMI \u201cCompetenze e Mestieri del Futuro\u201d<\/strong><\/span><div class=\"line append\"><\/div><\/h2>\n\n\n\n<div class=\"wp-block-columns is-layout-flex wp-container-core-columns-is-layout-5 wp-block-columns-is-layout-flex\">\n<div class=\"wp-block-column is-layout-flow wp-block-column-is-layout-flow\" style=\"flex-basis:100%\">\n<h3 class=\"wp-block-heading\"><strong>L\u2019appello a manifestazione di interesse<\/strong><\/h3>\n\n\n\n<p>L\u2019appello a manifestazione di interesse \u201cCompetenze e Mestieri del Futuro\u201d \u00e8 gestito dalla Caisse des D\u00e9p\u00f4ts et Consignations (Banque des Territoires) per conto dello Stato, nell\u2019ambito del Programma Francia 2030.<\/p>\n\n\n\n<p>Il suo obiettivo \u00e8 soddisfare le esigenze in termini di occupazione e competenze, riconosciute attraverso titoli, certificazioni o diplomi.<\/p>\n\n\n\n<p>Nel maggio 2022, il Programma VINUM, dedicato alla trasformazione digitale del settore agricolo, vitivinicolo e forestale, \u00e8 stato premiato.<\/p>\n<\/div>\n<\/div>\n\n\n\n<h3 class=\"wp-block-heading\"><strong>Missioni<\/strong><\/h3>\n\n\n\n<ol class=\"wp-block-list\">\n<li>Accelerare la realizzazione degli aspetti prioritari del programma riconosciuti dai professionisti.<\/li>\n\n\n\n<li>Diffondere e utilizzare i lavori esistenti per raggiungere l\u2019intero territorio.<\/li>\n\n\n\n<li>Superare gli ostacoli legati al dispiegamento e alla commercializzazione dei servizi formativi.<\/li>\n<\/ol>\n<\/div><\/div>\n","protected":false},"excerpt":{"rendered":"<p>Le sfide di VINUM Transizione ecologica e cambiamento climatico Agricoltori, viticoltori e forestali, sia attuali che futuri, devono essere sempre pi\u00f9 versatili, sviluppare conoscenze approfondite e acquisire nuove competenze in tempi molto brevi. Attrattivit\u00e0 delle professioni agricole Il ricambio generazionale tra agricoltori e viticoltori non \u00e8 garantito: in generale, il settore fatica a suscitare interesse [&hellip;]<\/p>\n","protected":false},"author":6,"featured_media":0,"parent":0,"menu_order":0,"comment_status":"closed","ping_status":"closed","template":"page_edito.php","meta":{"footnotes":""},"class_list":["post-28","page","type-page","status-publish","hentry"],"acf":[],"_links":{"self":[{"href":"https:\/\/programmevinum.fr\/it\/wp-json\/wp\/v2\/pages\/28","targetHints":{"allow":["GET"]}}],"collection":[{"href":"https:\/\/programmevinum.fr\/it\/wp-json\/wp\/v2\/pages"}],"about":[{"href":"https:\/\/programmevinum.fr\/it\/wp-json\/wp\/v2\/types\/page"}],"author":[{"embeddable":true,"href":"https:\/\/programmevinum.fr\/it\/wp-json\/wp\/v2\/users\/6"}],"replies":[{"embeddable":true,"href":"https:\/\/programmevinum.fr\/it\/wp-json\/wp\/v2\/comments?post=28"}],"version-history":[{"count":7,"href":"https:\/\/programmevinum.fr\/it\/wp-json\/wp\/v2\/pages\/28\/revisions"}],"predecessor-version":[{"id":200,"href":"https:\/\/programmevinum.fr\/it\/wp-json\/wp\/v2\/pages\/28\/revisions\/200"}],"wp:attachment":[{"href":"https:\/\/programmevinum.fr\/it\/wp-json\/wp\/v2\/media?parent=28"}],"curies":[{"name":"wp","href":"https:\/\/api.w.org\/{rel}","templated":true}]}}