{"id":22,"date":"2024-12-03T15:12:41","date_gmt":"2024-12-03T14:12:41","guid":{"rendered":"https:\/\/programmevinum.fr\/it\/?page_id=22"},"modified":"2025-02-27T11:00:56","modified_gmt":"2025-02-27T10:00:56","slug":"informazioni-legali","status":"publish","type":"page","link":"https:\/\/programmevinum.fr\/it\/informazioni-legali\/","title":{"rendered":"Termini di utilizzo"},"content":{"rendered":"\n<h3 class=\"wp-block-heading\"><strong>Riferimenti editoriali<\/strong><\/h3>\n\n\n\n<p><strong><strong>Direttore della pubblicazione:<\/strong><\/strong><br>Michael Matlosz<br>Presidente della Fondation UNIT<\/p>\n\n\n\n<p><strong>Editore:<\/strong><br>Fondation UNIT<br>Universit\u00e9 de Technologie de Compi\u00e8gne<br>CS 60319<br>60205 Compi\u00e8gne c\u00e9dex<br>France<\/p>\n\n\n\n<p><strong>Ospitato da:<\/strong><br>OVH<br>2 rue Kellermann<br>59100 Roubaix<br>France<\/p>\n\n\n\n<h3 class=\"wp-block-heading\"><strong><strong>Diritti di distribuzione<\/strong><\/strong><\/h3>\n\n\n\n<p>L&#8217;intero sito \u00e8 regolato dalle leggi francesi e internazionali sul copyright e la propriet\u00e0 intellettuale. Tutti i diritti di riproduzione sono riservati, inclusi i documenti scaricabili e le rappresentazioni iconografiche e fotografiche. Tuttavia, i documenti che menzionano esplicitamente una licenza operativa specifica sono soggetti alle regole di tale licenza.<\/p>\n\n\n\n<p>La riproduzione totale o parziale di questo sito su qualsiasi supporto elettronico \u00e8 severamente vietata senza autorizzazione del direttore della pubblicazione. Per qualsiasi utilizzo di tutto o parte di questo sito, si prega di contattarci: <a>info@unit.eu<\/a><\/p>\n\n\n\n<h3 class=\"wp-block-heading\"><strong><strong>Diritti di accesso alle informazioni personali<\/strong><\/strong><\/h3>\n\n\n\n<p>Nessuna informazione personale viene raccolta senza il vostro consenso, nessuna informazione personale viene ceduta a terzi, nessuna informazione personale viene utilizzata per scopi non previsti. In conformit\u00e0 con la Legge francese sulla protezione dei dati n. 78-17 del 6 gennaio 1978, avete il diritto di accedere e rettificare qualsiasi informazione personale che vi riguarda. Potete esercitare questo diritto contattando:<\/p>\n\n\n\n<p>UNIT<br>Centre de recherche de Royallieu<br>BP 20529<br>60205 Compi\u00e8gne c\u00e9dex<\/p>\n\n\n\n<p>La politica del sito UNIT \u00e8 conforme alla legge francese 2004-575 del 21 giugno 2004 sulla fiducia nell&#8217;economia digitale. Gli utenti possono trovare informazioni sui loro diritti, doveri e sulla protezione dei dati personali sul sito della Commissione Nazionale per l&#8217;Informatica e le Libert\u00e0 (<a href=\"http:\/\/www.cnil.fr\">http:\/\/www.cnil.fr<\/a>).<\/p>\n","protected":false},"excerpt":{"rendered":"<p>Riferimenti editoriali Direttore della pubblicazione:Michael MatloszPresidente della Fondation UNIT Editore:Fondation UNITUniversit\u00e9 de Technologie de Compi\u00e8gneCS 6031960205 Compi\u00e8gne c\u00e9dexFrance Ospitato da:OVH2 rue Kellermann59100 RoubaixFrance Diritti di distribuzione L&#8217;intero sito \u00e8 regolato dalle leggi francesi e internazionali sul copyright e la propriet\u00e0 intellettuale. Tutti i diritti di riproduzione sono riservati, inclusi i documenti scaricabili e le rappresentazioni [&hellip;]<\/p>\n","protected":false},"author":6,"featured_media":0,"parent":0,"menu_order":0,"comment_status":"closed","ping_status":"closed","template":"page_edito.php","meta":{"footnotes":""},"class_list":["post-22","page","type-page","status-publish","hentry"],"acf":[],"_links":{"self":[{"href":"https:\/\/programmevinum.fr\/it\/wp-json\/wp\/v2\/pages\/22","targetHints":{"allow":["GET"]}}],"collection":[{"href":"https:\/\/programmevinum.fr\/it\/wp-json\/wp\/v2\/pages"}],"about":[{"href":"https:\/\/programmevinum.fr\/it\/wp-json\/wp\/v2\/types\/page"}],"author":[{"embeddable":true,"href":"https:\/\/programmevinum.fr\/it\/wp-json\/wp\/v2\/users\/6"}],"replies":[{"embeddable":true,"href":"https:\/\/programmevinum.fr\/it\/wp-json\/wp\/v2\/comments?post=22"}],"version-history":[{"count":8,"href":"https:\/\/programmevinum.fr\/it\/wp-json\/wp\/v2\/pages\/22\/revisions"}],"predecessor-version":[{"id":210,"href":"https:\/\/programmevinum.fr\/it\/wp-json\/wp\/v2\/pages\/22\/revisions\/210"}],"wp:attachment":[{"href":"https:\/\/programmevinum.fr\/it\/wp-json\/wp\/v2\/media?parent=22"}],"curies":[{"name":"wp","href":"https:\/\/api.w.org\/{rel}","templated":true}]}}