{"id":63,"date":"2024-12-03T09:46:54","date_gmt":"2024-12-03T08:46:54","guid":{"rendered":"https:\/\/programmevinum.fr\/es\/?page_id=63"},"modified":"2025-02-27T10:44:07","modified_gmt":"2025-02-27T09:44:07","slug":"informacion-juridica","status":"publish","type":"page","link":"https:\/\/programmevinum.fr\/es\/informacion-juridica\/","title":{"rendered":"T\u00e9rminos de uso"},"content":{"rendered":"\n<h3 class=\"wp-block-heading\">Referencias editoriales<\/h3>\n\n\n\n<p><strong>Director de la publicaci\u00f3n:<\/strong><br>Michael Matlosz<br>Presidente de la Fondation UNIT<\/p>\n\n\n\n<p><strong>Editor:<\/strong><br>Fondation UNIT<br>Universit\u00e9 de Technologie de Compi\u00e8gne<br>CS 60319<br>60205 Compi\u00e8gne c\u00e9dex<br>France<\/p>\n\n\n\n<p><strong>Alojado por:<\/strong><br>OVH<br>2 rue Kellermann<br>59100 Roubaix<br>France<\/p>\n\n\n\n<h3 class=\"wp-block-heading\"><strong>Derechos de distribuci\u00f3n<\/strong><\/h3>\n\n\n\n<p>Este sitio est\u00e1 sujeto a las leyes francesas e internacionales de derechos de autor y propiedad intelectual. Todos los derechos de reproducci\u00f3n est\u00e1n reservados, incluidos los documentos descargables y las representaciones iconogr\u00e1ficas y fotogr\u00e1ficas. Sin embargo, los documentos que mencionen expl\u00edcitamente una licencia de funcionamiento espec\u00edfica est\u00e1n sujetos a las reglas de dicha licencia.<\/p>\n\n\n\n<p>Queda estrictamente prohibida la reproducci\u00f3n total o parcial de este sitio en cualquier medio electr\u00f3nico sin la autorizaci\u00f3n del director de la publicaci\u00f3n. Para cualquier uso de todo o parte de este sitio, por favor, cont\u00e1ctenos a: <a>info@unit.eu<\/a><\/p>\n\n\n\n<h3 class=\"wp-block-heading\"><strong>Derechos de acceso a la informaci\u00f3n personal<\/strong><\/h3>\n\n\n\n<p>No se recopila informaci\u00f3n personal sin su conocimiento, no se transmite informaci\u00f3n personal a terceros ni se utiliza con fines no previstos. De acuerdo con la Ley francesa de Protecci\u00f3n de Datos Personales n.\u00ba 78-17 de 6 de enero de 1978, usted tiene derecho a acceder y rectificar cualquier informaci\u00f3n personal que le concierna. Puede ejercer este derecho poni\u00e9ndose en contacto con:<\/p>\n\n\n\n<p>UNIT<br>Centre de recherche de Royallieu<br>BP 20529<br>60205 Compi\u00e8gne c\u00e9dex<\/p>\n\n\n\n<p>La pol\u00edtica del sitio UNIT cumple con la ley francesa 2004-575 del 21 de junio de 2004 sobre la confianza en la econom\u00eda digital. Los usuarios encontrar\u00e1n informaci\u00f3n sobre sus derechos, deberes y la protecci\u00f3n de datos personales en el sitio web de la Comisi\u00f3n Nacional de Inform\u00e1tica y Libertades (<a href=\"http:\/\/www.cnil.fr\">http:\/\/www.cnil.fr<\/a>).<\/p>\n","protected":false},"excerpt":{"rendered":"<p>Referencias editoriales Director de la publicaci\u00f3n:Michael MatloszPresidente de la Fondation UNIT Editor:Fondation UNITUniversit\u00e9 de Technologie de Compi\u00e8gneCS 6031960205 Compi\u00e8gne c\u00e9dexFrance Alojado por:OVH2 rue Kellermann59100 RoubaixFrance Derechos de distribuci\u00f3n Este sitio est\u00e1 sujeto a las leyes francesas e internacionales de derechos de autor y propiedad intelectual. Todos los derechos de reproducci\u00f3n est\u00e1n reservados, incluidos los documentos [&hellip;]<\/p>\n","protected":false},"author":6,"featured_media":0,"parent":0,"menu_order":0,"comment_status":"closed","ping_status":"closed","template":"page_edito.php","meta":{"footnotes":""},"class_list":["post-63","page","type-page","status-publish","hentry"],"acf":[],"_links":{"self":[{"href":"https:\/\/programmevinum.fr\/es\/wp-json\/wp\/v2\/pages\/63","targetHints":{"allow":["GET"]}}],"collection":[{"href":"https:\/\/programmevinum.fr\/es\/wp-json\/wp\/v2\/pages"}],"about":[{"href":"https:\/\/programmevinum.fr\/es\/wp-json\/wp\/v2\/types\/page"}],"author":[{"embeddable":true,"href":"https:\/\/programmevinum.fr\/es\/wp-json\/wp\/v2\/users\/6"}],"replies":[{"embeddable":true,"href":"https:\/\/programmevinum.fr\/es\/wp-json\/wp\/v2\/comments?post=63"}],"version-history":[{"count":2,"href":"https:\/\/programmevinum.fr\/es\/wp-json\/wp\/v2\/pages\/63\/revisions"}],"predecessor-version":[{"id":381,"href":"https:\/\/programmevinum.fr\/es\/wp-json\/wp\/v2\/pages\/63\/revisions\/381"}],"wp:attachment":[{"href":"https:\/\/programmevinum.fr\/es\/wp-json\/wp\/v2\/media?parent=63"}],"curies":[{"name":"wp","href":"https:\/\/api.w.org\/{rel}","templated":true}]}}