{"id":61,"date":"2024-12-03T09:45:22","date_gmt":"2024-12-03T08:45:22","guid":{"rendered":"https:\/\/programmevinum.fr\/es\/?page_id=61"},"modified":"2025-02-27T14:30:48","modified_gmt":"2025-02-27T13:30:48","slug":"politica-de-privacidad","status":"publish","type":"page","link":"https:\/\/programmevinum.fr\/es\/politica-de-privacidad\/","title":{"rendered":"Pol\u00edtica de privacidad"},"content":{"rendered":"\n<h3 class=\"wp-block-heading\"><strong>Recopilaci\u00f3n de datos<\/strong><\/h3>\n\n\n\n<p>Utilizamos el servicio de c\u00f3digo abierto Matomo para recopilar informaci\u00f3n sobre c\u00f3mo los visitantes interact\u00faan con nuestro sitio web. Matomo utiliza cookies para rastrear el comportamiento de los usuarios. Esta informaci\u00f3n incluye datos como el tipo de navegador, la duraci\u00f3n de la visita, las p\u00e1ginas consultadas y otros indicadores similares.<\/p>\n\n\n\n<h3 class=\"wp-block-heading\"><strong>Uso de los datos<\/strong><\/h3>\n\n\n\n<p>Los datos recopilados se utilizan exclusivamente con fines de an\u00e1lisis y mejora de nuestro sitio web. Esta informaci\u00f3n nos ayuda a comprender c\u00f3mo interact\u00faan los visitantes con nuestro contenido y a optimizar el sitio.<\/p>\n\n\n\n<p id=\"matomo_opted_out_intro\" style=\"display:none;\">Opt-out complete; your visits to this website will not be recorded by the Web Analytics tool. Note that if you clear your cookies, delete the opt-out cookie, or if you change computers or Web browsers, you will need to perform the opt-out procedure again.<\/p><p id=\"matomo_opted_in_intro\" >You may choose to prevent this website from aggregating and analyzing the actions you take here. Doing so will protect your privacy, but will also prevent the owner from learning from your actions and creating a better experience for you and other users.<\/p><form>\n        <input type=\"checkbox\" id=\"matomo_optout_checkbox\" checked=\"checked\"\/>\n        <label for=\"matomo_optout_checkbox\"><strong>\n        <span id=\"matomo_opted_in_label\" >You are not opted out. Uncheck this box to opt-out.<\/span>\n\t\t<span id=\"matomo_opted_out_label\" style=\"display:none;\">You are currently opted out. Check this box to opt-in.<\/span>\n        <\/strong><\/label><\/form><noscript><p><strong style=\"color: #ff0000;\">This opt out feature requires JavaScript.<\/strong><\/p><\/noscript><p id=\"matomo_outout_err_cookies\" style=\"display: none;\"><strong>The tracking opt-out feature requires cookies to be enabled.<\/strong><\/p>\n","protected":false},"excerpt":{"rendered":"<p>Recopilaci\u00f3n de datos Utilizamos el servicio de c\u00f3digo abierto Matomo para recopilar informaci\u00f3n sobre c\u00f3mo los visitantes interact\u00faan con nuestro sitio web. Matomo utiliza cookies para rastrear el comportamiento de los usuarios. Esta informaci\u00f3n incluye datos como el tipo de navegador, la duraci\u00f3n de la visita, las p\u00e1ginas consultadas y otros indicadores similares. Uso de [&hellip;]<\/p>\n","protected":false},"author":6,"featured_media":0,"parent":0,"menu_order":0,"comment_status":"closed","ping_status":"closed","template":"page_edito.php","meta":{"footnotes":""},"class_list":["post-61","page","type-page","status-publish","hentry"],"acf":[],"_links":{"self":[{"href":"https:\/\/programmevinum.fr\/es\/wp-json\/wp\/v2\/pages\/61","targetHints":{"allow":["GET"]}}],"collection":[{"href":"https:\/\/programmevinum.fr\/es\/wp-json\/wp\/v2\/pages"}],"about":[{"href":"https:\/\/programmevinum.fr\/es\/wp-json\/wp\/v2\/types\/page"}],"author":[{"embeddable":true,"href":"https:\/\/programmevinum.fr\/es\/wp-json\/wp\/v2\/users\/6"}],"replies":[{"embeddable":true,"href":"https:\/\/programmevinum.fr\/es\/wp-json\/wp\/v2\/comments?post=61"}],"version-history":[{"count":3,"href":"https:\/\/programmevinum.fr\/es\/wp-json\/wp\/v2\/pages\/61\/revisions"}],"predecessor-version":[{"id":383,"href":"https:\/\/programmevinum.fr\/es\/wp-json\/wp\/v2\/pages\/61\/revisions\/383"}],"wp:attachment":[{"href":"https:\/\/programmevinum.fr\/es\/wp-json\/wp\/v2\/media?parent=61"}],"curies":[{"name":"wp","href":"https:\/\/api.w.org\/{rel}","templated":true}]}}