{"id":58,"date":"2024-12-03T09:42:23","date_gmt":"2024-12-03T08:42:23","guid":{"rendered":"https:\/\/programmevinum.fr\/es\/?page_id=58"},"modified":"2025-02-26T16:44:29","modified_gmt":"2025-02-26T15:44:29","slug":"programa-vinum","status":"publish","type":"page","link":"https:\/\/programmevinum.fr\/es\/programa-vinum\/","title":{"rendered":"Programa VINUM"},"content":{"rendered":"\n<h2 class=\"wp-block-heading\"><span><strong>Los desaf\u00edos de VINUM<\/strong><\/span><div class=\"line append\"><\/div><\/h2>\n\n\n\n<div class=\"wp-block-columns is-layout-flex wp-container-core-columns-is-layout-1 wp-block-columns-is-layout-flex\">\n<div class=\"wp-block-column is-vertically-aligned-center is-layout-flow wp-block-column-is-layout-flow\" style=\"flex-basis:66.66%\">\n<h3 class=\"wp-block-heading\"><strong>Transici\u00f3n ecol\u00f3gica y cambio clim\u00e1ti<\/strong><\/h3>\n\n\n\n<p>Tanto en el presente como en el futuro, los agricultores, viticultores y silvicultores deben ser cada vez m\u00e1s vers\u00e1tiles, desarrollar conocimientos especializados y adquirir nuevas competencias en plazos muy cortos.<\/p>\n<\/div>\n\n\n\n<div class=\"wp-block-column is-vertically-aligned-center is-layout-flow wp-block-column-is-layout-flow\" style=\"flex-basis:33.33%\">\n<figure class=\"wp-block-image size-full\"><img decoding=\"async\" src=\"http:\/\/programmevinum.fr\/wp-content\/uploads\/2023\/09\/grains_de_raisin.jpg.webp\" alt=\"\" class=\"wp-image-29\"\/><\/figure>\n<\/div>\n<\/div>\n\n\n\n<div class=\"wp-block-columns flex-sm-reverse is-layout-flex wp-container-core-columns-is-layout-2 wp-block-columns-is-layout-flex\">\n<div class=\"wp-block-column is-vertically-aligned-center is-layout-flow wp-block-column-is-layout-flow\" style=\"flex-basis:33.33%\">\n<figure class=\"wp-block-image size-full\"><img decoding=\"async\" src=\"http:\/\/programmevinum.fr\/wp-content\/uploads\/2023\/09\/vignoble-hennessy.jpg.webp\" alt=\"\" class=\"wp-image-30\"\/><\/figure>\n<\/div>\n\n\n\n<div class=\"wp-block-column is-vertically-aligned-center is-layout-flow wp-block-column-is-layout-flow\" style=\"flex-basis:66.66%\">\n<h4 class=\"wp-block-heading\"><strong>Atracci\u00f3n hacia las profesiones agr\u00edcolas<\/strong><\/h4>\n\n\n\n<p>La renovaci\u00f3n generacional entre agricultores y viticultores no est\u00e1 garantizada. En t\u00e9rminos generales, el sector tiene dificultades para captar el inter\u00e9s de los j\u00f3venes hacia estas profesiones, pese a que, para 2026, uno de cada dos agricultores se jubilar\u00e1.<\/p>\n<\/div>\n<\/div>\n\n\n\n<div class=\"wp-block-columns is-layout-flex wp-container-core-columns-is-layout-3 wp-block-columns-is-layout-flex\">\n<div class=\"wp-block-column is-vertically-aligned-center is-layout-flow wp-block-column-is-layout-flow\" style=\"flex-basis:66.66%\">\n<h3 class=\"wp-block-heading\"><strong>Competitividad<\/strong><\/h3>\n\n\n\n<p>La viticultura es un sector franc\u00e9s de excelencia. Sus desaf\u00edos econ\u00f3micos son considerables, con altos vol\u00famenes de exportaci\u00f3n. Hoy en d\u00eda, esta econom\u00eda est\u00e1 en peligro: m\u00e1s del 12% del vi\u00f1edo franc\u00e9s es improductivo debido a enfermedades de la madera de la vid, provocadas, entre otras razones, por la falta crucial de mano de obra cualificada.<\/p>\n<\/div>\n\n\n\n<div class=\"wp-block-column is-vertically-aligned-center is-layout-flow wp-block-column-is-layout-flow\" style=\"flex-basis:33.33%\">\n<figure class=\"wp-block-image size-full\"><img decoding=\"async\" src=\"http:\/\/programmevinum.fr\/wp-content\/uploads\/2023\/09\/machine.jpg.webp\" alt=\"\" class=\"wp-image-31\"\/><\/figure>\n<\/div>\n<\/div>\n\n\n\n<div class=\"wp-block-columns flex-sm-reverse is-layout-flex wp-container-core-columns-is-layout-4 wp-block-columns-is-layout-flex\">\n<div class=\"wp-block-column is-vertically-aligned-center is-layout-flow wp-block-column-is-layout-flow\" style=\"flex-basis:33.33%\">\n<figure class=\"wp-block-image size-full\"><img decoding=\"async\" src=\"http:\/\/programmevinum.fr\/wp-content\/uploads\/2023\/09\/la_taille_de_la_vigne.jpg.webp\" alt=\"\" class=\"wp-image-32\"\/><\/figure>\n<\/div>\n\n\n\n<div class=\"wp-block-column is-vertically-aligned-center is-layout-flow wp-block-column-is-layout-flow\" style=\"flex-basis:66.66%\">\n<h3 class=\"wp-block-heading\"><strong>Salud de agricultores, viticultores y silvicultores<\/strong><\/h3>\n\n\n\n<p>Los agricultores, viticultores y silvicultores est\u00e1n muy expuestos a riesgos como los trastornos musculoesquel\u00e9ticos, el uso de productos fitosanitarios o los peligros asociados a la conducci\u00f3n de maquinaria. Las herramientas de simulaci\u00f3n y formaci\u00f3n inmersiva son muy eficaces para sensibilizar y prevenir estos riesgos.<\/p>\n<\/div>\n<\/div>\n\n\n\n<div class=\"wp-block-group\"><div class=\"wp-block-group__inner-container is-layout-constrained wp-block-group-is-layout-constrained\">\n<h2 class=\"wp-block-heading\"><span><strong>transformaci\u00f3n<\/strong><\/span><div class=\"line append\"><\/div><\/h2>\n\n\n\n<p>La transici\u00f3n digital est\u00e1 revolucionando el mundo de la educaci\u00f3n. Exige la creaci\u00f3n de nuevas herramientas y m\u00e9todos de ense\u00f1anza. Esto representa una verdadera ventaja para la formaci\u00f3n profesional, siempre que se redise\u00f1e para ser h\u00edbrida, combinando la presencialidad en las escuelas y el aprendizaje a distancia.<\/p>\n\n\n\n<p>El <strong>Programa VINUM<\/strong> basa sus m\u00e9todos de pedagog\u00eda h\u00edbrida en tecnolog\u00edas inmersivas, im\u00e1genes 3D de alta calidad y el uso no intrusivo de los datos recopilados y compartidos.<\/p>\n\n\n\n<figure class=\"wp-block-gallery has-nested-images columns-default is-cropped wp-block-gallery-1 is-layout-flex wp-block-gallery-is-layout-flex\">\n<figure class=\"wp-block-image size-full\"><img decoding=\"async\" src=\"http:\/\/programmevinum.fr\/wp-content\/uploads\/2023\/09\/transformation-pedagogique-1.jpg-2.webp\" alt=\"\" class=\"wp-image-33\"\/><\/figure>\n\n\n\n<figure class=\"wp-block-image size-full\"><img decoding=\"async\" src=\"http:\/\/programmevinum.fr\/wp-content\/uploads\/2023\/09\/transformation-pedagogique-2.jpg-1.webp\" alt=\"\" class=\"wp-image-34\"\/><\/figure>\n<\/figure>\n\n\n\n<p>El uso de tecnolog\u00edas digitales permite simular gestos propios de estas profesiones. Los estudiantes\/aprendices\/agricultores\/viticultores en formaci\u00f3n pueden practicar operaciones espec\u00edficas que no ser\u00edan posibles de realizar en el aula sin herramientas de simulaci\u00f3n.<\/p>\n\n\n\n<p>Los m\u00e9todos de formaci\u00f3n propuestos en el <strong>Programa VINUM<\/strong> destacan las buenas pr\u00e1cticas de prevenci\u00f3n en estas profesiones, que est\u00e1n entre las m\u00e1s expuestas a accidentes laborales y problemas de salud.<\/p>\n<\/div><\/div>\n\n\n\n<div class=\"wp-block-group\"><div class=\"wp-block-group__inner-container is-layout-constrained wp-block-group-is-layout-constrained\">\n<h2 class=\"wp-block-heading\"><span><strong>Ganador de la convocatoria de inter\u00e9s \u00abCompetencias y Oficios del Futuro\u00bb<\/strong><\/span><div class=\"line append\"><\/div><\/h2>\n\n\n\n<div class=\"wp-block-columns is-layout-flex wp-container-core-columns-is-layout-5 wp-block-columns-is-layout-flex\">\n<div class=\"wp-block-column is-layout-flow wp-block-column-is-layout-flow\" style=\"flex-basis:100%\">\n<h3 class=\"wp-block-heading\"><strong>La convocatoria de manifestaci\u00f3n de inter\u00e9s<\/strong><\/h3>\n\n\n\n<p>La convocatoria de manifestaci\u00f3n de inter\u00e9s <strong>\u00abCompetencias y Oficios del Futuro\u00bb<\/strong> es gestionada por la <strong>Caisse des D\u00e9p\u00f4ts et Consignations<\/strong> (Banco de los Territorios) en nombre del Estado, en el marco del <strong>Programa Francia 2030<\/strong>.<\/p>\n\n\n\n<p>Su objetivo es contribuir a satisfacer las necesidades de empleo o competencias, mediante el reconocimiento de t\u00edtulos, certificaciones o diplomas.<\/p>\n\n\n\n<p>En mayo de 2022, el <strong>Programa VINUM<\/strong>, dedicado a la transformaci\u00f3n digital del sector agr\u00edcola, vit\u00edcola y forestal, fue galardonado.<\/p>\n<\/div>\n<\/div>\n\n\n\n<h3 class=\"wp-block-heading\"><strong>Misiones<\/strong><\/h3>\n\n\n\n<ol class=\"wp-block-list\">\n<li>Acelerar la implementaci\u00f3n de los diferentes aspectos del programa identificados como prioritarios por los profesionales.<\/li>\n\n\n\n<li>Difundir y aprovechar los trabajos preexistentes para llegar a todo el territorio.<\/li>\n\n\n\n<li>Lever les blocages li\u00e9s au d\u00e9ploiement et \u00e0 la commercialisation des services de formation.Superar los obst\u00e1culos relacionados con el despliegue y la comercializaci\u00f3n de los servicios de formaci\u00f3n.<\/li>\n<\/ol>\n<\/div><\/div>\n","protected":false},"excerpt":{"rendered":"<p>Los desaf\u00edos de VINUM Transici\u00f3n ecol\u00f3gica y cambio clim\u00e1ti Tanto en el presente como en el futuro, los agricultores, viticultores y silvicultores deben ser cada vez m\u00e1s vers\u00e1tiles, desarrollar conocimientos especializados y adquirir nuevas competencias en plazos muy cortos. Atracci\u00f3n hacia las profesiones agr\u00edcolas La renovaci\u00f3n generacional entre agricultores y viticultores no est\u00e1 garantizada. En [&hellip;]<\/p>\n","protected":false},"author":6,"featured_media":0,"parent":0,"menu_order":0,"comment_status":"closed","ping_status":"closed","template":"page_edito.php","meta":{"footnotes":""},"class_list":["post-58","page","type-page","status-publish","hentry"],"acf":[],"_links":{"self":[{"href":"https:\/\/programmevinum.fr\/es\/wp-json\/wp\/v2\/pages\/58","targetHints":{"allow":["GET"]}}],"collection":[{"href":"https:\/\/programmevinum.fr\/es\/wp-json\/wp\/v2\/pages"}],"about":[{"href":"https:\/\/programmevinum.fr\/es\/wp-json\/wp\/v2\/types\/page"}],"author":[{"embeddable":true,"href":"https:\/\/programmevinum.fr\/es\/wp-json\/wp\/v2\/users\/6"}],"replies":[{"embeddable":true,"href":"https:\/\/programmevinum.fr\/es\/wp-json\/wp\/v2\/comments?post=58"}],"version-history":[{"count":6,"href":"https:\/\/programmevinum.fr\/es\/wp-json\/wp\/v2\/pages\/58\/revisions"}],"predecessor-version":[{"id":379,"href":"https:\/\/programmevinum.fr\/es\/wp-json\/wp\/v2\/pages\/58\/revisions\/379"}],"wp:attachment":[{"href":"https:\/\/programmevinum.fr\/es\/wp-json\/wp\/v2\/media?parent=58"}],"curies":[{"name":"wp","href":"https:\/\/api.w.org\/{rel}","templated":true}]}}