{"id":45,"date":"2024-05-23T11:10:42","date_gmt":"2024-05-23T09:10:42","guid":{"rendered":"https:\/\/programmevinum.fr\/en\/?page_id=45"},"modified":"2024-06-11T09:50:50","modified_gmt":"2024-06-11T07:50:50","slug":"terms-of-use","status":"publish","type":"page","link":"https:\/\/programmevinum.fr\/en\/terms-of-use\/","title":{"rendered":"Terms of use"},"content":{"rendered":"\n<h3 class=\"wp-block-heading\">Editorial references<\/h3>\n\n\n\n<p><strong>Director of publication:<\/strong><br>Michael Matlosz<br>President of the UNIT Foundation<\/p>\n\n\n\n<p><strong>Publisher:<\/strong><br>Fondation UNIT<br>Universit\u00e9 de Technologie de Compi\u00e8gne<br>CS 60319<br>60205 Compi\u00e8gne c\u00e9dex<br>France<\/p>\n\n\n\n<p><strong>Hosted by:<\/strong><br>OVH<br>2 rue Kellermann<br>59100 Roubaix<br>France<\/p>\n\n\n\n<h3 class=\"wp-block-heading\">Distribution rights<\/h3>\n\n\n\n<p>This entire site is governed by French and international copyright and intellectual property laws. All reproduction rights are reserved, including for downloadable documents and iconographic and photographic representations. However, documents that explicitly mention a specific operating license are subject to the rules of this license.<\/p>\n\n\n\n<p>Reproduction of all or part of this site on any electronic medium whatsoever is strictly forbidden without authorization from the publication director. For any use of all or part of this site, please contact us: info@unit.eu<\/p>\n\n\n\n<h3 class=\"wp-block-heading\">Access rights to personal information<\/h3>\n\n\n\n<p>No personal information is collected without your knowledge, no personal information is passed on to third parties, no personal information is used for unintended purposes. In accordance with the French Data Protection Act no. 78-17 of January 6, 1978, you have the right to access and rectify any personal information concerning you. You can exercise this right by contacting :<\/p>\n\n\n\n<p>UNIT<br>Centre de recherche de Royallieu<br>BP 20529<br>60205 Compi\u00e8gne c\u00e9dex<\/p>\n\n\n\n<p>The UNIT site policy complies with French law 2004-575 of June 21, 2004 on confidence in the digital economy. Users will find information on their rights, duties and personal data protection on the website of the Commission Nationale Informatique et Libert\u00e9s (http:\/\/www.cnil.fr).<\/p>\n","protected":false},"excerpt":{"rendered":"<p>Editorial references Director of publication:Michael MatloszPresident of the UNIT Foundation Publisher:Fondation UNITUniversit\u00e9 de Technologie de Compi\u00e8gneCS 6031960205 Compi\u00e8gne c\u00e9dexFrance Hosted by:OVH2 rue Kellermann59100 RoubaixFrance Distribution rights This entire site is governed by French and international copyright and intellectual property laws. All reproduction rights are reserved, including for downloadable documents and iconographic and photographic representations. However, [&hellip;]<\/p>\n","protected":false},"author":3,"featured_media":0,"parent":0,"menu_order":0,"comment_status":"closed","ping_status":"closed","template":"page_edito.php","meta":{"footnotes":""},"class_list":["post-45","page","type-page","status-publish","hentry"],"acf":[],"_links":{"self":[{"href":"https:\/\/programmevinum.fr\/en\/wp-json\/wp\/v2\/pages\/45","targetHints":{"allow":["GET"]}}],"collection":[{"href":"https:\/\/programmevinum.fr\/en\/wp-json\/wp\/v2\/pages"}],"about":[{"href":"https:\/\/programmevinum.fr\/en\/wp-json\/wp\/v2\/types\/page"}],"author":[{"embeddable":true,"href":"https:\/\/programmevinum.fr\/en\/wp-json\/wp\/v2\/users\/3"}],"replies":[{"embeddable":true,"href":"https:\/\/programmevinum.fr\/en\/wp-json\/wp\/v2\/comments?post=45"}],"version-history":[{"count":22,"href":"https:\/\/programmevinum.fr\/en\/wp-json\/wp\/v2\/pages\/45\/revisions"}],"predecessor-version":[{"id":233,"href":"https:\/\/programmevinum.fr\/en\/wp-json\/wp\/v2\/pages\/45\/revisions\/233"}],"wp:attachment":[{"href":"https:\/\/programmevinum.fr\/en\/wp-json\/wp\/v2\/media?parent=45"}],"curies":[{"name":"wp","href":"https:\/\/api.w.org\/{rel}","templated":true}]}}